{"id":628,"date":"2014-11-24T16:11:05","date_gmt":"2014-11-24T15:11:05","guid":{"rendered":"https:\/\/www.approtech.fr\/mentions-legales\/"},"modified":"2020-10-29T16:26:04","modified_gmt":"2020-10-29T15:26:04","slug":"legal-disclaimer","status":"publish","type":"page","link":"https:\/\/www.approtech.fr\/en\/legal-disclaimer\/","title":{"rendered":"Legal disclaimer"},"content":{"rendered":"<p>H\u00e9bergement : <a href=\"https:\/\/www.planethoster.net\/en\/\" target=\"_blank\" rel=\"noopener noreferrer\">Planethoster<\/a><\/p>\n<p>R\u00e9alisation et d\u00e9veloppement : Webullition \/ Webimedia<\/p>\n<p>Responsable de la r\u00e9daction : C\u00e9dric Labbays<\/p>\n\n<div itemscope itemtype=\"http:\/\/schema.org\/LocalBusiness\" class=\"contact-plugin contact-shortcode SC_schema_org\">\n<div itemprop=\"name\">APPROTECH<\/div>\n<div  itemprop=\"address\" itemscope itemtype=\"http:\/\/schema.org\/PostalAddress\">\n<span itemprop=\"streetAddress\">Z.A. de Champdolin, 2 rue Aim\u00e9 Cotton<\/span><br>\n<span itemprop=\"postalCode\">69800<\/span> <span itemprop=\"addressLocality\">SAINT PRIEST<\/span> - <span itemprop=\"addressCountry\">FRANCE<\/span><\/div><div class=\"call-numbers\"><a class=\"tel\" href=\"tel:+33472370341\"><i class=\"glyphicon glyphicon-earphone\"><\/i> <span itemprop=\"telephone\" >+33 (0)4 72 37 03 41<\/span><\/a><\/div><a  href=\"mailto:mail&#64;&#97;p&#112;&#114;ot&#101;ch&#46;fr\" class=\"email\" ><i class=\"glyphicon glyphicon-envelope\"><\/i> <span itemprop=\"email\" >mail&#64;&#97;p&#112;&#114;ot&#101;ch&#46;fr<\/span><\/a><\/div> <!-- LocalBusiness --> \n","protected":false},"excerpt":{"rendered":"<p>H\u00e9bergement : Planethoster R\u00e9alisation et d\u00e9veloppement : Webullition \/ Webimedia Responsable de la r\u00e9daction : C\u00e9dric Labbays<\/p>\n","protected":false},"author":1,"featured_media":0,"parent":0,"menu_order":19,"comment_status":"closed","ping_status":"closed","template":"","meta":{"_acf_changed":false,"footnotes":""},"class_list":["post-628","page","type-page","status-publish","hentry"],"acf":[],"yoast_head":"<!-- This site is optimized with the Yoast SEO plugin v27.5 - https:\/\/yoast.com\/product\/yoast-seo-wordpress\/ -->\n<title>Legal disclaimer - Approtech<\/title>\n<meta name=\"robots\" content=\"index, follow, max-snippet:-1, max-image-preview:large, max-video-preview:-1\" \/>\n<link rel=\"canonical\" href=\"https:\/\/www.approtech.fr\/en\/legal-disclaimer\/\" \/>\n<meta property=\"og:locale\" content=\"en_US\" \/>\n<meta property=\"og:type\" content=\"article\" \/>\n<meta property=\"og:title\" content=\"Legal disclaimer - Approtech\" \/>\n<meta property=\"og:description\" content=\"H\u00e9bergement : Planethoster R\u00e9alisation et d\u00e9veloppement : Webullition \/ Webimedia Responsable de la r\u00e9daction : C\u00e9dric Labbays\" \/>\n<meta property=\"og:url\" content=\"https:\/\/www.approtech.fr\/en\/legal-disclaimer\/\" \/>\n<meta property=\"og:site_name\" content=\"Approtech\" \/>\n<meta property=\"article:modified_time\" content=\"2020-10-29T15:26:04+00:00\" \/>\n<script type=\"application\/ld+json\" class=\"yoast-schema-graph\">{\"@context\":\"https:\\\/\\\/schema.org\",\"@graph\":[{\"@type\":\"WebPage\",\"@id\":\"https:\\\/\\\/www.approtech.fr\\\/en\\\/legal-disclaimer\\\/\",\"url\":\"https:\\\/\\\/www.approtech.fr\\\/en\\\/legal-disclaimer\\\/\",\"name\":\"Legal disclaimer - Approtech\",\"isPartOf\":{\"@id\":\"https:\\\/\\\/www.approtech.fr\\\/#website\"},\"datePublished\":\"2014-11-24T15:11:05+00:00\",\"dateModified\":\"2020-10-29T15:26:04+00:00\",\"breadcrumb\":{\"@id\":\"https:\\\/\\\/www.approtech.fr\\\/en\\\/legal-disclaimer\\\/#breadcrumb\"},\"inLanguage\":\"en-US\",\"potentialAction\":[{\"@type\":\"ReadAction\",\"target\":[\"https:\\\/\\\/www.approtech.fr\\\/en\\\/legal-disclaimer\\\/\"]}]},{\"@type\":\"BreadcrumbList\",\"@id\":\"https:\\\/\\\/www.approtech.fr\\\/en\\\/legal-disclaimer\\\/#breadcrumb\",\"itemListElement\":[{\"@type\":\"ListItem\",\"position\":1,\"name\":\"Home\",\"item\":\"https:\\\/\\\/www.approtech.fr\\\/\"},{\"@type\":\"ListItem\",\"position\":2,\"name\":\"Legal disclaimer\"}]},{\"@type\":\"WebSite\",\"@id\":\"https:\\\/\\\/www.approtech.fr\\\/#website\",\"url\":\"https:\\\/\\\/www.approtech.fr\\\/\",\"name\":\"Approtech\",\"description\":\"Produits et composants industriels\",\"potentialAction\":[{\"@type\":\"SearchAction\",\"target\":{\"@type\":\"EntryPoint\",\"urlTemplate\":\"https:\\\/\\\/www.approtech.fr\\\/?s={search_term_string}\"},\"query-input\":{\"@type\":\"PropertyValueSpecification\",\"valueRequired\":true,\"valueName\":\"search_term_string\"}}],\"inLanguage\":\"en-US\"}]}<\/script>\n<!-- \/ Yoast SEO plugin. -->","yoast_head_json":{"title":"Legal disclaimer - Approtech","robots":{"index":"index","follow":"follow","max-snippet":"max-snippet:-1","max-image-preview":"max-image-preview:large","max-video-preview":"max-video-preview:-1"},"canonical":"https:\/\/www.approtech.fr\/en\/legal-disclaimer\/","og_locale":"en_US","og_type":"article","og_title":"Legal disclaimer - Approtech","og_description":"H\u00e9bergement : Planethoster R\u00e9alisation et d\u00e9veloppement : Webullition \/ Webimedia Responsable de la r\u00e9daction : C\u00e9dric Labbays","og_url":"https:\/\/www.approtech.fr\/en\/legal-disclaimer\/","og_site_name":"Approtech","article_modified_time":"2020-10-29T15:26:04+00:00","schema":{"@context":"https:\/\/schema.org","@graph":[{"@type":"WebPage","@id":"https:\/\/www.approtech.fr\/en\/legal-disclaimer\/","url":"https:\/\/www.approtech.fr\/en\/legal-disclaimer\/","name":"Legal disclaimer - Approtech","isPartOf":{"@id":"https:\/\/www.approtech.fr\/#website"},"datePublished":"2014-11-24T15:11:05+00:00","dateModified":"2020-10-29T15:26:04+00:00","breadcrumb":{"@id":"https:\/\/www.approtech.fr\/en\/legal-disclaimer\/#breadcrumb"},"inLanguage":"en-US","potentialAction":[{"@type":"ReadAction","target":["https:\/\/www.approtech.fr\/en\/legal-disclaimer\/"]}]},{"@type":"BreadcrumbList","@id":"https:\/\/www.approtech.fr\/en\/legal-disclaimer\/#breadcrumb","itemListElement":[{"@type":"ListItem","position":1,"name":"Home","item":"https:\/\/www.approtech.fr\/"},{"@type":"ListItem","position":2,"name":"Legal disclaimer"}]},{"@type":"WebSite","@id":"https:\/\/www.approtech.fr\/#website","url":"https:\/\/www.approtech.fr\/","name":"Approtech","description":"Produits et composants industriels","potentialAction":[{"@type":"SearchAction","target":{"@type":"EntryPoint","urlTemplate":"https:\/\/www.approtech.fr\/?s={search_term_string}"},"query-input":{"@type":"PropertyValueSpecification","valueRequired":true,"valueName":"search_term_string"}}],"inLanguage":"en-US"}]}},"_links":{"self":[{"href":"https:\/\/www.approtech.fr\/en\/wp-json\/wp\/v2\/pages\/628","targetHints":{"allow":["GET"]}}],"collection":[{"href":"https:\/\/www.approtech.fr\/en\/wp-json\/wp\/v2\/pages"}],"about":[{"href":"https:\/\/www.approtech.fr\/en\/wp-json\/wp\/v2\/types\/page"}],"author":[{"embeddable":true,"href":"https:\/\/www.approtech.fr\/en\/wp-json\/wp\/v2\/users\/1"}],"replies":[{"embeddable":true,"href":"https:\/\/www.approtech.fr\/en\/wp-json\/wp\/v2\/comments?post=628"}],"version-history":[{"count":0,"href":"https:\/\/www.approtech.fr\/en\/wp-json\/wp\/v2\/pages\/628\/revisions"}],"wp:attachment":[{"href":"https:\/\/www.approtech.fr\/en\/wp-json\/wp\/v2\/media?parent=628"}],"curies":[{"name":"wp","href":"https:\/\/api.w.org\/{rel}","templated":true}]}}